{"id":470,"date":"2025-03-02T07:44:15","date_gmt":"2025-03-01T23:44:15","guid":{"rendered":"https:\/\/www.betterforwarder.com\/sobre-nosotros\/"},"modified":"2025-08-22T13:51:53","modified_gmt":"2025-08-22T05:51:53","slug":"sobre-nosotros","status":"publish","type":"page","link":"https:\/\/www.betterforwarder.com\/es\/sobre-nosotros\/","title":{"rendered":"Sobre NOSOTROS"},"content":{"rendered":"<style>.kb-row-layout-id238_cfa685-ca > .kt-row-column-wrap{align-content:center;}:where(.kb-row-layout-id238_cfa685-ca > .kt-row-column-wrap) > .wp-block-kadence-column{justify-content:center;}.kb-row-layout-id238_cfa685-ca > .kt-row-column-wrap{column-gap:var(--global-kb-gap-md, 2rem);row-gap:var(--global-kb-gap-md, 2rem);padding-top:var(--global-kb-spacing-sm, 1.5rem);padding-bottom:var(--global-kb-spacing-sm, 1.5rem);min-height:300px;grid-template-columns:minmax(0, 1fr);}.kb-row-layout-id238_cfa685-ca{background-image:url('https:\/\/www.betterforwarder.com\/wp-content\/uploads\/2025\/03\/06.jpg');background-size:cover;background-position:61% 51%;background-attachment:scroll;background-repeat:no-repeat;}.kb-row-layout-id238_cfa685-ca > .kt-row-layout-overlay{opacity:0.30;}@media all and (max-width: 1024px){.kb-row-layout-id238_cfa685-ca > .kt-row-column-wrap{grid-template-columns:minmax(0, 1fr);}}@media all and (max-width: 767px){.kb-row-layout-id238_cfa685-ca > .kt-row-column-wrap{grid-template-columns:minmax(0, 1fr);}}<\/style><div class=\"kb-row-layout-wrap kb-row-layout-id238_cfa685-ca alignfull kt-row-has-bg wp-block-kadence-rowlayout\"><div class=\"kt-row-column-wrap kt-has-1-columns kt-row-layout-equal kt-tab-layout-inherit kt-mobile-layout-row kt-row-valign-middle\">\n<style>.kadence-column238_36f547-7a > .kt-inside-inner-col,.kadence-column238_36f547-7a > .kt-inside-inner-col:before{border-top-left-radius:0px;border-top-right-radius:0px;border-bottom-right-radius:0px;border-bottom-left-radius:0px;}.kadence-column238_36f547-7a > .kt-inside-inner-col{column-gap:var(--global-kb-gap-sm, 1rem);}.kadence-column238_36f547-7a > .kt-inside-inner-col{flex-direction:column;}.kadence-column238_36f547-7a > .kt-inside-inner-col > .aligncenter{width:100%;}.kadence-column238_36f547-7a > .kt-inside-inner-col:before{opacity:0.3;}.kadence-column238_36f547-7a{position:relative;}@media all and (max-width: 1024px){.kadence-column238_36f547-7a > .kt-inside-inner-col{flex-direction:column;justify-content:center;}}@media all and (max-width: 767px){.kadence-column238_36f547-7a > .kt-inside-inner-col{flex-direction:column;justify-content:center;}}<\/style>\n<div class=\"wp-block-kadence-column kadence-column238_36f547-7a\"><div class=\"kt-inside-inner-col\"><style>.wp-block-kadence-advancedheading.kt-adv-heading238_e901ae-21, .wp-block-kadence-advancedheading.kt-adv-heading238_e901ae-21[data-kb-block=\"kb-adv-heading238_e901ae-21\"]{text-align:center;font-size:var(--global-kb-font-size-xl, 3rem);font-style:normal;}.wp-block-kadence-advancedheading.kt-adv-heading238_e901ae-21 mark.kt-highlight, .wp-block-kadence-advancedheading.kt-adv-heading238_e901ae-21[data-kb-block=\"kb-adv-heading238_e901ae-21\"] mark.kt-highlight{font-style:normal;color:#f76a0c;-webkit-box-decoration-break:clone;box-decoration-break:clone;padding-top:0px;padding-right:0px;padding-bottom:0px;padding-left:0px;}<\/style>\n<h1 class=\"kt-adv-heading238_e901ae-21 wp-block-kadence-advancedheading has-theme-palette-9-color has-text-color\" data-kb-block=\"kb-adv-heading238_e901ae-21\">Shanghai better forwarder international shipping co.,ltd<\/h1>\n<\/div><\/div>\n\n<\/div><\/div><style>.kb-row-layout-id238_fad199-d4 > .kt-row-column-wrap{align-content:start;}:where(.kb-row-layout-id238_fad199-d4 > .kt-row-column-wrap) > .wp-block-kadence-column{justify-content:start;}.kb-row-layout-id238_fad199-d4 > .kt-row-column-wrap{column-gap:var(--global-kb-gap-md, 2rem);row-gap:var(--global-kb-gap-md, 2rem);padding-top:var(--global-kb-spacing-sm, 1.5rem);padding-bottom:0px;grid-template-columns:repeat(2, minmax(0, 1fr));}.kb-row-layout-id238_fad199-d4 > .kt-row-layout-overlay{opacity:0.30;}@media all and (max-width: 1024px){.kb-row-layout-id238_fad199-d4 > .kt-row-column-wrap{grid-template-columns:repeat(2, minmax(0, 1fr));}}@media all and (max-width: 767px){.kb-row-layout-id238_fad199-d4 > .kt-row-column-wrap{grid-template-columns:minmax(0, 1fr);}}<\/style><div class=\"kb-row-layout-wrap kb-row-layout-id238_fad199-d4 alignfull wp-block-kadence-rowlayout\"><div class=\"kt-row-column-wrap kt-has-2-columns kt-row-layout-equal kt-tab-layout-inherit kt-mobile-layout-row kt-row-valign-top\">\n<style>.kadence-column238_aee1be-79 > .kt-inside-inner-col{display:flex;}.kadence-column238_aee1be-79 > .kt-inside-inner-col,.kadence-column238_aee1be-79 > .kt-inside-inner-col:before{border-top-left-radius:0px;border-top-right-radius:0px;border-bottom-right-radius:0px;border-bottom-left-radius:0px;}.kadence-column238_aee1be-79 > .kt-inside-inner-col{column-gap:var(--global-kb-gap-sm, 1rem);}.kadence-column238_aee1be-79 > .kt-inside-inner-col{flex-direction:column;justify-content:center;}.kadence-column238_aee1be-79 > .kt-inside-inner-col > .aligncenter{width:100%;}.kt-row-column-wrap > .kadence-column238_aee1be-79{align-self:center;}.kt-inner-column-height-full:not(.kt-has-1-columns) > .wp-block-kadence-column.kadence-column238_aee1be-79{align-self:auto;}.kt-inner-column-height-full:not(.kt-has-1-columns) > .wp-block-kadence-column.kadence-column238_aee1be-79 > .kt-inside-inner-col{flex-direction:column;justify-content:center;}.kadence-column238_aee1be-79 > .kt-inside-inner-col:before{opacity:0.3;}.kadence-column238_aee1be-79{position:relative;}@media all and (max-width: 1024px){.kt-row-column-wrap > .kadence-column238_aee1be-79{align-self:center;}}@media all and (max-width: 1024px){.kt-inner-column-height-full:not(.kt-has-1-columns) > .wp-block-kadence-column.kadence-column238_aee1be-79{align-self:auto;}}@media all and (max-width: 1024px){.kt-inner-column-height-full:not(.kt-has-1-columns) > .wp-block-kadence-column.kadence-column238_aee1be-79 > .kt-inside-inner-col{flex-direction:column;justify-content:center;}}@media all and (max-width: 1024px){.kadence-column238_aee1be-79 > .kt-inside-inner-col{flex-direction:column;justify-content:center;}}@media all and (max-width: 767px){.kt-row-column-wrap > .kadence-column238_aee1be-79{align-self:center;}.kt-inner-column-height-full:not(.kt-has-1-columns) > .wp-block-kadence-column.kadence-column238_aee1be-79{align-self:auto;}.kt-inner-column-height-full:not(.kt-has-1-columns) > .wp-block-kadence-column.kadence-column238_aee1be-79 > .kt-inside-inner-col{flex-direction:column;justify-content:center;}.kadence-column238_aee1be-79 > .kt-inside-inner-col{flex-direction:column;justify-content:center;}}<\/style>\n<div class=\"wp-block-kadence-column kadence-column238_aee1be-79\"><div class=\"kt-inside-inner-col\"><style>.wp-block-kadence-advancedheading.kt-adv-heading238_652461-75, .wp-block-kadence-advancedheading.kt-adv-heading238_652461-75[data-kb-block=\"kb-adv-heading238_652461-75\"]{padding-right:var(--global-kb-spacing-xxl, 5rem);padding-left:var(--global-kb-spacing-xxl, 5rem);text-align:left;font-style:normal;}.wp-block-kadence-advancedheading.kt-adv-heading238_652461-75 mark.kt-highlight, .wp-block-kadence-advancedheading.kt-adv-heading238_652461-75[data-kb-block=\"kb-adv-heading238_652461-75\"] mark.kt-highlight{font-style:normal;color:#f76a0c;-webkit-box-decoration-break:clone;box-decoration-break:clone;padding-top:0px;padding-right:0px;padding-bottom:0px;padding-left:0px;}<\/style>\n<p class=\"kt-adv-heading238_652461-75 wp-block-kadence-advancedheading\" data-kb-block=\"kb-adv-heading238_652461-75\">Shanghai better forwarder international shipping se siente honrada por la oportunidad y la confianza que nuestros clientes nos han brindado, y queremos recompensar a nuestros clientes con un menor costo de env\u00edo adem\u00e1s de un mejor servicio: <\/p>\n\n\n<style>.wp-block-kadence-iconlist.kt-svg-icon-list-items238_99ce47-d8:not(.this-stops-third-party-issues){margin-top:0px;margin-bottom:0px;}.wp-block-kadence-iconlist.kt-svg-icon-list-items238_99ce47-d8 ul.kt-svg-icon-list:not(.this-prevents-issues):not(.this-stops-third-party-issues):not(.tijsloc){margin-top:0px;margin-right:0px;margin-bottom:var(--global-kb-spacing-sm, 1.5rem);margin-left:0px;padding-left:240px;}.wp-block-kadence-iconlist.kt-svg-icon-list-items238_99ce47-d8 ul.kt-svg-icon-list{grid-row-gap:5px;}.wp-block-kadence-iconlist.kt-svg-icon-list-items238_99ce47-d8 .kb-svg-icon-wrap{font-size:10px;}.wp-block-kadence-iconlist.kt-svg-icon-list-items238_99ce47-d8 ul.kt-svg-icon-list .kt-svg-icon-list-item-wrap .kt-svg-icon-list-single{margin-right:10px;}.kt-svg-icon-list-items238_99ce47-d8 ul.kt-svg-icon-list .kt-svg-icon-list-level-0 .kt-svg-icon-list-single svg{font-size:20px;}@media all and (max-width: 767px){.wp-block-kadence-iconlist.kt-svg-icon-list-items238_99ce47-d8 ul.kt-svg-icon-list:not(.this-prevents-issues):not(.this-stops-third-party-issues):not(.tijsloc){padding-left:var(--global-kb-spacing-xl, 4rem);}}<\/style>\n<div class=\"wp-block-kadence-iconlist kt-svg-icon-list-items kt-svg-icon-list-items238_99ce47-d8 kt-svg-icon-list-columns-1 alignnone\"><ul class=\"kt-svg-icon-list\"><style>.kt-svg-icon-list-item-238_828d60-ad .kt-svg-icon-list-text mark.kt-highlight{background-color:unset;font-style:normal;color:#f76a0c;-webkit-box-decoration-break:clone;box-decoration-break:clone;padding-top:0px;padding-right:0px;padding-bottom:0px;padding-left:0px;}<\/style>\n<li class=\"wp-block-kadence-listitem kt-svg-icon-list-item-wrap kt-svg-icon-list-item-238_828d60-ad\"><span class=\"kb-svg-icon-wrap kb-svg-icon-ic_record kt-svg-icon-list-single\"><svg viewBox=\"0 0 8 8\"  fill=\"currentColor\" xmlns=\"http:\/\/www.w3.org\/2000\/svg\"  aria-hidden=\"true\"><path d=\"M3 0c-1.66 0-3 1.34-3 3s1.34 3 3 3 3-1.34 3-3-1.34-3-3-3z\" transform=\"translate(1 1)\"\/><\/svg><\/span><span class=\"kt-svg-icon-list-text\">Mercanc\u00edas que llegan a tiempo<\/span><\/li>\n\n\n<style>.kt-svg-icon-list-item-238_ebbce4-f3 .kt-svg-icon-list-text mark.kt-highlight{background-color:unset;font-style:normal;color:#f76a0c;-webkit-box-decoration-break:clone;box-decoration-break:clone;padding-top:0px;padding-right:0px;padding-bottom:0px;padding-left:0px;}<\/style>\n<li class=\"wp-block-kadence-listitem kt-svg-icon-list-item-wrap kt-svg-icon-list-item-238_ebbce4-f3\"><span class=\"kb-svg-icon-wrap kb-svg-icon-ic_record kt-svg-icon-list-single\"><svg viewBox=\"0 0 8 8\"  fill=\"currentColor\" xmlns=\"http:\/\/www.w3.org\/2000\/svg\"  aria-hidden=\"true\"><path d=\"M3 0c-1.66 0-3 1.34-3 3s1.34 3 3 3 3-1.34 3-3-1.34-3-3-3z\" transform=\"translate(1 1)\"\/><\/svg><\/span><span class=\"kt-svg-icon-list-text\">Tomando menos tiempo<\/span><\/li>\n\n\n<style>.kt-svg-icon-list-item-238_979184-ee .kt-svg-icon-list-text mark.kt-highlight{background-color:unset;font-style:normal;color:#f76a0c;-webkit-box-decoration-break:clone;box-decoration-break:clone;padding-top:0px;padding-right:0px;padding-bottom:0px;padding-left:0px;}<\/style>\n<li class=\"wp-block-kadence-listitem kt-svg-icon-list-item-wrap kt-svg-icon-list-item-238_979184-ee\"><span class=\"kb-svg-icon-wrap kb-svg-icon-ic_record kt-svg-icon-list-single\"><svg viewBox=\"0 0 8 8\"  fill=\"currentColor\" xmlns=\"http:\/\/www.w3.org\/2000\/svg\"  aria-hidden=\"true\"><path d=\"M3 0c-1.66 0-3 1.34-3 3s1.34 3 3 3 3-1.34 3-3-1.34-3-3-3z\" transform=\"translate(1 1)\"\/><\/svg><\/span><span class=\"kt-svg-icon-list-text\">Con un menor costo de env\u00edo<\/span><\/li>\n<\/ul><\/div>\n<\/div><\/div>\n\n\n<style>.kadence-column238_3a90dd-73 > .kt-inside-inner-col,.kadence-column238_3a90dd-73 > .kt-inside-inner-col:before{border-top-left-radius:0px;border-top-right-radius:0px;border-bottom-right-radius:0px;border-bottom-left-radius:0px;}.kadence-column238_3a90dd-73 > .kt-inside-inner-col{column-gap:var(--global-kb-gap-sm, 1rem);}.kadence-column238_3a90dd-73 > .kt-inside-inner-col{flex-direction:column;}.kadence-column238_3a90dd-73 > .kt-inside-inner-col > .aligncenter{width:100%;}.kadence-column238_3a90dd-73 > .kt-inside-inner-col:before{opacity:0.3;}.kadence-column238_3a90dd-73{position:relative;}@media all and (max-width: 1024px){.kadence-column238_3a90dd-73 > .kt-inside-inner-col{flex-direction:column;justify-content:center;}}@media all and (max-width: 767px){.kadence-column238_3a90dd-73 > .kt-inside-inner-col{flex-direction:column;justify-content:center;}}<\/style>\n<div class=\"wp-block-kadence-column kadence-column238_3a90dd-73\"><div class=\"kt-inside-inner-col\"><style>.kb-image238_196d98-b0 .kb-image-has-overlay:after{opacity:0.3;}<\/style>\n<figure class=\"wp-block-kadence-image kb-image238_196d98-b0 size-large\"><img loading=\"lazy\" decoding=\"async\" width=\"1024\" height=\"683\" src=\"https:\/\/www.betterforwarder.com\/wp-content\/uploads\/2025\/03\/05-1024x683.jpg\" alt=\"\" class=\"kb-img wp-image-291\" srcset=\"https:\/\/www.betterforwarder.com\/wp-content\/uploads\/2025\/03\/05-1024x683.jpg 1024w, https:\/\/www.betterforwarder.com\/wp-content\/uploads\/2025\/03\/05-300x200.jpg 300w, https:\/\/www.betterforwarder.com\/wp-content\/uploads\/2025\/03\/05-768x512.jpg 768w, https:\/\/www.betterforwarder.com\/wp-content\/uploads\/2025\/03\/05.jpg 1200w\" sizes=\"auto, (max-width: 1024px) 100vw, 1024px\" \/><\/figure>\n<\/div><\/div>\n\n<\/div><\/div><style>.kb-row-layout-id238_8e68cf-66 > .kt-row-column-wrap{align-content:start;}:where(.kb-row-layout-id238_8e68cf-66 > .kt-row-column-wrap) > .wp-block-kadence-column{justify-content:start;}.kb-row-layout-id238_8e68cf-66 > .kt-row-column-wrap{column-gap:var(--global-kb-gap-md, 2rem);row-gap:var(--global-kb-gap-md, 2rem);padding-top:0px;padding-bottom:var(--global-kb-spacing-sm, 1.5rem);grid-template-columns:repeat(2, minmax(0, 1fr));}.kb-row-layout-id238_8e68cf-66 > .kt-row-layout-overlay{opacity:0.30;}@media all and (max-width: 1024px){.kb-row-layout-id238_8e68cf-66 > .kt-row-column-wrap{grid-template-columns:repeat(2, minmax(0, 1fr));}}@media all and (max-width: 767px){.kb-row-layout-id238_8e68cf-66 > .kt-row-column-wrap{grid-template-columns:minmax(0, 1fr);}}<\/style><div class=\"kb-row-layout-wrap kb-row-layout-id238_8e68cf-66 alignfull wp-block-kadence-rowlayout\"><div class=\"kt-row-column-wrap kt-has-2-columns kt-row-layout-equal kt-tab-layout-inherit kt-mobile-layout-row kt-row-valign-top\">\n<style>.kadence-column238_3da477-49 > .kt-inside-inner-col,.kadence-column238_3da477-49 > .kt-inside-inner-col:before{border-top-left-radius:0px;border-top-right-radius:0px;border-bottom-right-radius:0px;border-bottom-left-radius:0px;}.kadence-column238_3da477-49 > .kt-inside-inner-col{column-gap:var(--global-kb-gap-sm, 1rem);}.kadence-column238_3da477-49 > .kt-inside-inner-col{flex-direction:column;}.kadence-column238_3da477-49 > .kt-inside-inner-col > .aligncenter{width:100%;}.kadence-column238_3da477-49 > .kt-inside-inner-col:before{opacity:0.3;}.kadence-column238_3da477-49{position:relative;}@media all and (max-width: 1024px){.kadence-column238_3da477-49 > .kt-inside-inner-col{flex-direction:column;justify-content:center;}}@media all and (max-width: 767px){.kadence-column238_3da477-49 > .kt-inside-inner-col{flex-direction:column;justify-content:center;}}<\/style>\n<div class=\"wp-block-kadence-column kadence-column238_3da477-49\"><div class=\"kt-inside-inner-col\"><style>.kb-image238_c7af40-fe .kb-image-has-overlay:after{opacity:0.3;}<\/style>\n<figure class=\"wp-block-kadence-image kb-image238_c7af40-fe size-large\"><img loading=\"lazy\" decoding=\"async\" width=\"1024\" height=\"683\" src=\"https:\/\/www.betterforwarder.com\/wp-content\/uploads\/2025\/03\/03-1024x683.jpg\" alt=\"\" class=\"kb-img wp-image-290\" srcset=\"https:\/\/www.betterforwarder.com\/wp-content\/uploads\/2025\/03\/03-1024x683.jpg 1024w, https:\/\/www.betterforwarder.com\/wp-content\/uploads\/2025\/03\/03-300x200.jpg 300w, https:\/\/www.betterforwarder.com\/wp-content\/uploads\/2025\/03\/03-768x512.jpg 768w, https:\/\/www.betterforwarder.com\/wp-content\/uploads\/2025\/03\/03.jpg 1200w\" sizes=\"auto, (max-width: 1024px) 100vw, 1024px\" \/><\/figure>\n<\/div><\/div>\n\n\n<style>.kadence-column238_7374af-51 > .kt-inside-inner-col{display:flex;}.kadence-column238_7374af-51 > .kt-inside-inner-col,.kadence-column238_7374af-51 > .kt-inside-inner-col:before{border-top-left-radius:0px;border-top-right-radius:0px;border-bottom-right-radius:0px;border-bottom-left-radius:0px;}.kadence-column238_7374af-51 > .kt-inside-inner-col{column-gap:var(--global-kb-gap-sm, 1rem);}.kadence-column238_7374af-51 > .kt-inside-inner-col{flex-direction:column;justify-content:center;align-items:center;}.kadence-column238_7374af-51 > .kt-inside-inner-col > .kb-image-is-ratio-size{align-self:stretch;}.kadence-column238_7374af-51 > .kt-inside-inner-col > .wp-block-kadence-advancedgallery{align-self:stretch;}.kadence-column238_7374af-51 > .kt-inside-inner-col > .aligncenter{width:100%;}.kt-row-column-wrap > .kadence-column238_7374af-51{align-self:center;}.kt-inner-column-height-full:not(.kt-has-1-columns) > .wp-block-kadence-column.kadence-column238_7374af-51{align-self:auto;}.kt-inner-column-height-full:not(.kt-has-1-columns) > .wp-block-kadence-column.kadence-column238_7374af-51 > .kt-inside-inner-col{flex-direction:column;justify-content:center;}.kadence-column238_7374af-51 > .kt-inside-inner-col:before{opacity:0.3;}.kadence-column238_7374af-51{position:relative;}@media all and (max-width: 1024px){.kt-row-column-wrap > .kadence-column238_7374af-51{align-self:center;}}@media all and (max-width: 1024px){.kt-inner-column-height-full:not(.kt-has-1-columns) > .wp-block-kadence-column.kadence-column238_7374af-51{align-self:auto;}}@media all and (max-width: 1024px){.kt-inner-column-height-full:not(.kt-has-1-columns) > .wp-block-kadence-column.kadence-column238_7374af-51 > .kt-inside-inner-col{flex-direction:column;justify-content:center;}}@media all and (max-width: 1024px){.kadence-column238_7374af-51 > .kt-inside-inner-col{flex-direction:column;justify-content:center;align-items:center;}}@media all and (max-width: 767px){.kt-row-column-wrap > .kadence-column238_7374af-51{align-self:center;}.kt-inner-column-height-full:not(.kt-has-1-columns) > .wp-block-kadence-column.kadence-column238_7374af-51{align-self:auto;}.kt-inner-column-height-full:not(.kt-has-1-columns) > .wp-block-kadence-column.kadence-column238_7374af-51 > .kt-inside-inner-col{flex-direction:column;justify-content:center;}.kadence-column238_7374af-51 > .kt-inside-inner-col{flex-direction:column;justify-content:center;align-items:center;}}<\/style>\n<div class=\"wp-block-kadence-column kadence-column238_7374af-51\"><div class=\"kt-inside-inner-col\"><style>.wp-block-kadence-advancedheading.kt-adv-heading238_90a79b-5a, .wp-block-kadence-advancedheading.kt-adv-heading238_90a79b-5a[data-kb-block=\"kb-adv-heading238_90a79b-5a\"]{padding-right:var(--global-kb-spacing-xxl, 5rem);padding-left:var(--global-kb-spacing-xxl, 5rem);text-align:left;font-style:normal;}.wp-block-kadence-advancedheading.kt-adv-heading238_90a79b-5a mark.kt-highlight, .wp-block-kadence-advancedheading.kt-adv-heading238_90a79b-5a[data-kb-block=\"kb-adv-heading238_90a79b-5a\"] mark.kt-highlight{font-style:normal;color:#f76a0c;-webkit-box-decoration-break:clone;box-decoration-break:clone;padding-top:0px;padding-right:0px;padding-bottom:0px;padding-left:0px;}<\/style>\n<p class=\"kt-adv-heading238_90a79b-5a wp-block-kadence-advancedheading\" data-kb-block=\"kb-adv-heading238_90a79b-5a\">Ofrecemos servicios profesionales para el env\u00edo de mercanc\u00edas desde China a M\u00e9xico, incluyendo:<\/p>\n\n\n<style>.wp-block-kadence-iconlist.kt-svg-icon-list-items238_c66a76-6d:not(.this-stops-third-party-issues){margin-top:0px;margin-bottom:0px;}.wp-block-kadence-iconlist.kt-svg-icon-list-items238_c66a76-6d ul.kt-svg-icon-list:not(.this-prevents-issues):not(.this-stops-third-party-issues):not(.tijsloc){margin-top:0px;margin-right:0px;margin-bottom:var(--global-kb-spacing-sm, 1.5rem);margin-left:0px;}.wp-block-kadence-iconlist.kt-svg-icon-list-items238_c66a76-6d ul.kt-svg-icon-list{grid-row-gap:5px;}.wp-block-kadence-iconlist.kt-svg-icon-list-items238_c66a76-6d .kb-svg-icon-wrap{font-size:10px;}.wp-block-kadence-iconlist.kt-svg-icon-list-items238_c66a76-6d ul.kt-svg-icon-list .kt-svg-icon-list-item-wrap .kt-svg-icon-list-single{margin-right:10px;}.kt-svg-icon-list-items238_c66a76-6d ul.kt-svg-icon-list .kt-svg-icon-list-level-0 .kt-svg-icon-list-single svg{font-size:20px;}<\/style>\n<div class=\"wp-block-kadence-iconlist kt-svg-icon-list-items kt-svg-icon-list-items238_c66a76-6d kt-svg-icon-list-columns-1 alignnone\"><ul class=\"kt-svg-icon-list\"><style>.kt-svg-icon-list-item-238_4bbc55-a5 .kt-svg-icon-list-text mark.kt-highlight{background-color:unset;font-style:normal;color:#f76a0c;-webkit-box-decoration-break:clone;box-decoration-break:clone;padding-top:0px;padding-right:0px;padding-bottom:0px;padding-left:0px;}<\/style>\n<li class=\"wp-block-kadence-listitem kt-svg-icon-list-item-wrap kt-svg-icon-list-item-238_4bbc55-a5\"><span class=\"kb-svg-icon-wrap kb-svg-icon-ic_record kt-svg-icon-list-single\"><svg viewBox=\"0 0 8 8\"  fill=\"currentColor\" xmlns=\"http:\/\/www.w3.org\/2000\/svg\"  aria-hidden=\"true\"><path d=\"M3 0c-1.66 0-3 1.34-3 3s1.34 3 3 3 3-1.34 3-3-1.34-3-3-3z\" transform=\"translate(1 1)\"\/><\/svg><\/span><span class=\"kt-svg-icon-list-text\">Transporte mar\u00edtimo: FCL y LCL<\/span><\/li>\n\n\n<style>.kt-svg-icon-list-item-238_720f33-d0 .kt-svg-icon-list-text mark.kt-highlight{background-color:unset;font-style:normal;color:#f76a0c;-webkit-box-decoration-break:clone;box-decoration-break:clone;padding-top:0px;padding-right:0px;padding-bottom:0px;padding-left:0px;}<\/style>\n<li class=\"wp-block-kadence-listitem kt-svg-icon-list-item-wrap kt-svg-icon-list-item-238_720f33-d0\"><span class=\"kb-svg-icon-wrap kb-svg-icon-ic_record kt-svg-icon-list-single\"><svg viewBox=\"0 0 8 8\"  fill=\"currentColor\" xmlns=\"http:\/\/www.w3.org\/2000\/svg\"  aria-hidden=\"true\"><path d=\"M3 0c-1.66 0-3 1.34-3 3s1.34 3 3 3 3-1.34 3-3-1.34-3-3-3z\" transform=\"translate(1 1)\"\/><\/svg><\/span><span class=\"kt-svg-icon-list-text\">Servicios de transporte a\u00e9reo para mercanc\u00edas urgentes<\/span><\/li>\n\n\n<style>.kt-svg-icon-list-item-238_dc1090-52 .kt-svg-icon-list-text mark.kt-highlight{background-color:unset;font-style:normal;color:#f76a0c;-webkit-box-decoration-break:clone;box-decoration-break:clone;padding-top:0px;padding-right:0px;padding-bottom:0px;padding-left:0px;}<\/style>\n<li class=\"wp-block-kadence-listitem kt-svg-icon-list-item-wrap kt-svg-icon-list-item-238_dc1090-52\"><span class=\"kb-svg-icon-wrap kb-svg-icon-ic_record kt-svg-icon-list-single\"><svg viewBox=\"0 0 8 8\"  fill=\"currentColor\" xmlns=\"http:\/\/www.w3.org\/2000\/svg\"  aria-hidden=\"true\"><path d=\"M3 0c-1.66 0-3 1.34-3 3s1.34 3 3 3 3-1.34 3-3-1.34-3-3-3z\" transform=\"translate(1 1)\"\/><\/svg><\/span><span class=\"kt-svg-icon-list-text\">Expr\u00e9s internacional: UPS, DHL, FedEx, etc.<\/span><\/li>\n\n\n<style>.kt-svg-icon-list-item-238_9b5e11-e3 .kt-svg-icon-list-text mark.kt-highlight{background-color:unset;font-style:normal;color:#f76a0c;-webkit-box-decoration-break:clone;box-decoration-break:clone;padding-top:0px;padding-right:0px;padding-bottom:0px;padding-left:0px;}<\/style>\n<li class=\"wp-block-kadence-listitem kt-svg-icon-list-item-wrap kt-svg-icon-list-item-238_9b5e11-e3\"><span class=\"kb-svg-icon-wrap kb-svg-icon-ic_record kt-svg-icon-list-single\"><svg viewBox=\"0 0 8 8\"  fill=\"currentColor\" xmlns=\"http:\/\/www.w3.org\/2000\/svg\"  aria-hidden=\"true\"><path d=\"M3 0c-1.66 0-3 1.34-3 3s1.34 3 3 3 3-1.34 3-3-1.34-3-3-3z\" transform=\"translate(1 1)\"\/><\/svg><\/span><span class=\"kt-svg-icon-list-text\">Transporte terrestre nacional<\/span><\/li>\n\n\n<style>.kt-svg-icon-list-item-238_842d60-85 .kt-svg-icon-list-text mark.kt-highlight{background-color:unset;font-style:normal;color:#f76a0c;-webkit-box-decoration-break:clone;box-decoration-break:clone;padding-top:0px;padding-right:0px;padding-bottom:0px;padding-left:0px;}<\/style>\n<li class=\"wp-block-kadence-listitem kt-svg-icon-list-item-wrap kt-svg-icon-list-item-238_842d60-85\"><span class=\"kb-svg-icon-wrap kb-svg-icon-ic_record kt-svg-icon-list-single\"><svg viewBox=\"0 0 8 8\"  fill=\"currentColor\" xmlns=\"http:\/\/www.w3.org\/2000\/svg\"  aria-hidden=\"true\"><path d=\"M3 0c-1.66 0-3 1.34-3 3s1.34 3 3 3 3-1.34 3-3-1.34-3-3-3z\" transform=\"translate(1 1)\"\/><\/svg><\/span><span class=\"kt-svg-icon-list-text\">Declaraci\u00f3n de aduanas<\/span><\/li>\n\n\n<style>.kt-svg-icon-list-item-238_353007-9c .kt-svg-icon-list-text mark.kt-highlight{background-color:unset;font-style:normal;color:#f76a0c;-webkit-box-decoration-break:clone;box-decoration-break:clone;padding-top:0px;padding-right:0px;padding-bottom:0px;padding-left:0px;}<\/style>\n<li class=\"wp-block-kadence-listitem kt-svg-icon-list-item-wrap kt-svg-icon-list-item-238_353007-9c\"><span class=\"kb-svg-icon-wrap kb-svg-icon-ic_record kt-svg-icon-list-single\"><svg viewBox=\"0 0 8 8\"  fill=\"currentColor\" xmlns=\"http:\/\/www.w3.org\/2000\/svg\"  aria-hidden=\"true\"><path d=\"M3 0c-1.66 0-3 1.34-3 3s1.34 3 3 3 3-1.34 3-3-1.34-3-3-3z\" transform=\"translate(1 1)\"\/><\/svg><\/span><span class=\"kt-svg-icon-list-text\">Almac\u00e9n<\/span><\/li>\n<\/ul><\/div>\n<\/div><\/div>\n\n<\/div><\/div>","protected":false},"excerpt":{"rendered":"<p>Shanghai better forwarder international shipping co.,ltd Shanghai better forwarder international shipping se siente honrada por la oportunidad y la confianza que nuestros clientes nos han brindado, y queremos recompensar a nuestros clientes con un menor costo de env\u00edo adem\u00e1s de un mejor servicio: Ofrecemos servicios profesionales para el env\u00edo de mercanc\u00edas desde China a M\u00e9xico,&#8230;<\/p>\n","protected":false},"author":2,"featured_media":0,"parent":0,"menu_order":0,"comment_status":"closed","ping_status":"closed","template":"","meta":{"_kad_blocks_custom_css":"","_kad_blocks_head_custom_js":"","_kad_blocks_body_custom_js":"","_kad_blocks_footer_custom_js":"","_kad_post_transparent":"","_kad_post_title":"hide","_kad_post_layout":"","_kad_post_sidebar_id":"","_kad_post_content_style":"unboxed","_kad_post_vertical_padding":"hide","_kad_post_feature":"","_kad_post_feature_position":"","_kad_post_header":false,"_kad_post_footer":false,"footnotes":""},"class_list":["post-470","page","type-page","status-publish","hentry"],"taxonomy_info":[],"featured_image_src_large":false,"author_info":{"display_name":"qiuzhang","author_link":"https:\/\/www.betterforwarder.com\/es\/author\/qiuzhang\/"},"comment_info":0,"_links":{"self":[{"href":"https:\/\/www.betterforwarder.com\/es\/wp-json\/wp\/v2\/pages\/470","targetHints":{"allow":["GET"]}}],"collection":[{"href":"https:\/\/www.betterforwarder.com\/es\/wp-json\/wp\/v2\/pages"}],"about":[{"href":"https:\/\/www.betterforwarder.com\/es\/wp-json\/wp\/v2\/types\/page"}],"author":[{"embeddable":true,"href":"https:\/\/www.betterforwarder.com\/es\/wp-json\/wp\/v2\/users\/2"}],"replies":[{"embeddable":true,"href":"https:\/\/www.betterforwarder.com\/es\/wp-json\/wp\/v2\/comments?post=470"}],"version-history":[{"count":2,"href":"https:\/\/www.betterforwarder.com\/es\/wp-json\/wp\/v2\/pages\/470\/revisions"}],"predecessor-version":[{"id":480,"href":"https:\/\/www.betterforwarder.com\/es\/wp-json\/wp\/v2\/pages\/470\/revisions\/480"}],"wp:attachment":[{"href":"https:\/\/www.betterforwarder.com\/es\/wp-json\/wp\/v2\/media?parent=470"}],"curies":[{"name":"wp","href":"https:\/\/api.w.org\/{rel}","templated":true}]}}